{"id":213,"date":"2015-12-01T09:42:15","date_gmt":"2015-12-01T08:42:15","guid":{"rendered":"https:\/\/mamp.parkings-semepa.fr\/?page_id=213"},"modified":"2024-02-28T10:56:15","modified_gmt":"2024-02-28T09:56:15","slug":"parc-bellegarde","status":"publish","type":"page","link":"https:\/\/mamp.parkings-semepa.fr\/?page_id=213","title":{"rendered":"Parc Bellegarde"},"content":{"rendered":"<h4><a href=\"https:\/\/mamp.parkings-semepa.fr\/wp-content\/uploads\/2015\/11\/img_mejanes.jpg\"><img decoding=\"async\" loading=\"lazy\" class=\"alignnone wp-image-254 size-full\" src=\"https:\/\/mamp.parkings-semepa.fr\/wp-content\/uploads\/2015\/11\/img_mejanes.jpg\" alt=\"img_mejanes\" width=\"738\" height=\"200\" srcset=\"https:\/\/mamp.parkings-semepa.fr\/wp-content\/uploads\/2015\/11\/img_mejanes.jpg 738w, https:\/\/mamp.parkings-semepa.fr\/wp-content\/uploads\/2015\/11\/img_mejanes-300x81.jpg 300w, https:\/\/mamp.parkings-semepa.fr\/wp-content\/uploads\/2015\/11\/img_mejanes-250x68.jpg 250w, https:\/\/mamp.parkings-semepa.fr\/wp-content\/uploads\/2015\/11\/img_mejanes-150x41.jpg 150w\" sizes=\"(max-width: 738px) 100vw, 738px\" \/><\/a><\/h4>\n<h4>Capacit\u00e9<\/h4>\n<p>340\u00a0places<\/p>\n<h4>O\u00f9 se trouve-t-il ?<\/h4>\n<p>51 Boulevard Aristide Briand, 13100 Aix-en-Provence<br \/>\n<strong>Latitude<\/strong>\u00a0: 43.5326706 | <strong>Longitude<\/strong>\u00a0: 5.450107500000058<\/p>\n<h4>Comment y acc\u00e9der ?<\/h4>\n<p>Place Bellegarde, par les boulevards ext\u00e9rieurs.<\/p>\n<h4>Pour qui ?<\/h4>\n<p>Le parc Bellegarde s\u2019adresse en particulier aux \u00ab usagers horaires \u00bb en provenance des quartiers est et nord de la ville et aux abonn\u00e9s de nuit, habitants du centre.<br \/>\nIl est situ\u00e9 au c\u0153ur de la ville, \u00e0 proximit\u00e9 imm\u00e9diate du palais de justice, de l\u2019h\u00f4tel de ville, du march\u00e9 (mardi, jeudi et samedi matins) et des commerces, notamment ceux de la rue Mignet.<\/p>\n<h4>Contacts<\/h4>\n<p>T\u00e9l\u00e9phone parking : 04 42 21 02 88<br \/>\nOu aux bureaux de la METREPOLE, parc Pasteur : 04 42 17 02 80<\/p>\n<p><strong>&gt;&gt;\u00a0<a href=\"https:\/\/mamp.parkings-semepa.fr\/?page_id=373\">R\u00e8glement int\u00e9rieur<\/a><\/strong><\/p>\n<table>\n<tbody>\n<tr style=\"height: 18px;\">\n<th style=\"height: 18px;\" colspan=\"2\">Equipements et services<\/th>\n<th style=\"height: 18px;\" colspan=\"2\">Modes de paiement<\/th>\n<\/tr>\n<tr style=\"height: 24px;\">\n<td style=\"height: 24px;\" width=\"60\"><img decoding=\"async\" loading=\"lazy\" class=\"alignnone wp-image-328 size-full\" src=\"https:\/\/mamp.parkings-semepa.fr\/wp-content\/uploads\/2015\/11\/parkingCouvert.jpg\" alt=\"\" width=\"50\" height=\"50\" \/><\/td>\n<td style=\"height: 24px; vertical-align: middle;\">Parking Couvert<\/td>\n<td style=\"height: 24px;\" width=\"60\"><img decoding=\"async\" loading=\"lazy\" class=\"alignnone wp-image-312 size-full\" src=\"https:\/\/mamp.parkings-semepa.fr\/wp-content\/uploads\/2015\/12\/Visa.jpg\" alt=\"\" width=\"50\" height=\"50\" \/><\/td>\n<td style=\"height: 24px; vertical-align: middle;\">Visa<\/td>\n<\/tr>\n<tr style=\"height: 24px;\">\n<td style=\"height: 24px;\" width=\"60\"><img decoding=\"async\" loading=\"lazy\" class=\"alignnone wp-image-330 size-full\" src=\"https:\/\/mamp.parkings-semepa.fr\/wp-content\/uploads\/2015\/11\/bornes.jpg\" alt=\"\" width=\"50\" height=\"50\" \/><\/td>\n<td style=\"height: 24px; vertical-align: middle;\">Paiement CB aux bornes de sortie<\/td>\n<td style=\"height: 24px;\" width=\"60\"><img decoding=\"async\" loading=\"lazy\" class=\"alignnone wp-image-317 size-full\" src=\"https:\/\/mamp.parkings-semepa.fr\/wp-content\/uploads\/2015\/11\/cb.jpg\" alt=\"\" width=\"50\" height=\"50\" \/><\/td>\n<td style=\"height: 24px; vertical-align: middle;\">CB<\/td>\n<\/tr>\n<tr style=\"height: 24px;\">\n<td style=\"height: 24px;\" width=\"60\"><img decoding=\"async\" loading=\"lazy\" class=\"alignnone wp-image-332 size-full\" src=\"https:\/\/mamp.parkings-semepa.fr\/wp-content\/uploads\/2015\/11\/ascenseur.jpg\" alt=\"\" width=\"50\" height=\"50\" \/><\/td>\n<td style=\"height: 24px; vertical-align: middle;\">Ascenseurs<\/td>\n<td style=\"height: 24px;\" width=\"60\"><img decoding=\"async\" loading=\"lazy\" class=\"alignnone wp-image-315 size-full\" src=\"https:\/\/mamp.parkings-semepa.fr\/wp-content\/uploads\/2015\/11\/mastercard.jpg\" alt=\"\" width=\"50\" height=\"50\" \/><\/td>\n<td style=\"height: 24px; vertical-align: middle;\">Mastercard<\/td>\n<\/tr>\n<tr style=\"height: 24px;\">\n<td style=\"height: 24px;\" width=\"60\"><img decoding=\"async\" loading=\"lazy\" class=\"alignnone size-full wp-image-337\" src=\"https:\/\/mamp.parkings-semepa.fr\/wp-content\/uploads\/2015\/12\/musique.jpg\" alt=\"musique\" width=\"50\" height=\"50\" \/><\/td>\n<td style=\"height: 24px; vertical-align: middle;\">Musique<\/td>\n<td style=\"height: 24px;\" width=\"60\"><a href=\"http:\/\/mobility.totalenergies.com\/fr\"><img decoding=\"async\" loading=\"lazy\" class=\"alignnone wp-image-322 size-full\" src=\"https:\/\/mamp.parkings-semepa.fr\/wp-content\/uploads\/2015\/11\/totalGr.jpg\" alt=\"\" width=\"50\" height=\"50\" \/><\/a><\/td>\n<td style=\"height: 24px; vertical-align: middle;\">Total GR<\/td>\n<\/tr>\n<tr style=\"height: 24px;\">\n<td style=\"height: 24px;\" width=\"60\"><img decoding=\"async\" loading=\"lazy\" class=\"alignnone wp-image-339 size-full\" src=\"https:\/\/mamp.parkings-semepa.fr\/wp-content\/uploads\/2015\/11\/motos.jpg\" alt=\"\" width=\"50\" height=\"50\" \/><\/td>\n<td style=\"height: 24px; vertical-align: middle;\">Moto<\/td>\n<td style=\"height: 24px;\" width=\"60\"><img decoding=\"async\" loading=\"lazy\" class=\"alignnone wp-image-324 size-full\" src=\"https:\/\/mamp.parkings-semepa.fr\/wp-content\/uploads\/2015\/11\/monnaie.jpg\" alt=\"\" width=\"50\" height=\"50\" \/><\/td>\n<td style=\"height: 24px; vertical-align: middle;\">Esp\u00e8ces<\/td>\n<\/tr>\n<tr style=\"height: 24px;\">\n<td style=\"height: 24px;\" width=\"60\"><img decoding=\"async\" loading=\"lazy\" class=\"alignnone wp-image-341 size-full\" src=\"https:\/\/mamp.parkings-semepa.fr\/wp-content\/uploads\/2015\/11\/24-24.jpg\" alt=\"\" width=\"50\" height=\"50\" \/><\/td>\n<td style=\"height: 24px; vertical-align: middle;\">Sortie 24\/24h<\/td>\n<td style=\"height: 24px;\" width=\"60\"><img decoding=\"async\" loading=\"lazy\" class=\"alignnone wp-image-319 size-full\" src=\"https:\/\/mamp.parkings-semepa.fr\/wp-content\/uploads\/2015\/11\/sansContact.jpg\" alt=\"\" width=\"50\" height=\"50\" \/><\/td>\n<td style=\"height: 24px; vertical-align: middle;\">CB Sans contact<\/td>\n<\/tr>\n<tr>\n<td width=\"60\"><img decoding=\"async\" loading=\"lazy\" class=\"alignnone wp-image-343 size-full\" src=\"https:\/\/parkings-semepa.fr\/wp-content\/uploads\/2015\/11\/personnel.jpg\" alt=\"\" width=\"50\" height=\"50\" \/><\/td>\n<td style=\"vertical-align: middle;\">Personnel pr\u00e9sent 24\/24h<\/td>\n<td width=\"60\">\u00a0<img decoding=\"async\" loading=\"lazy\" title=\"\" src=\"https:\/\/parkings-semepa.fr\/wp-content\/uploads\/2015\/11\/liber-t.jpg\" alt=\"\" width=\"50\" height=\"50\" \/><\/td>\n<td style=\"vertical-align: middle;\">\u00a0Liber-t<\/td>\n<\/tr>\n<tr>\n<td width=\"60\"><img decoding=\"async\" loading=\"lazy\" class=\"alignnone wp-image-343 size-full\" src=\"https:\/\/mamp.parkings-semepa.fr\/wp-content\/uploads\/2015\/11\/personnel.jpg\" alt=\"\" width=\"50\" height=\"50\" \/><\/td>\n<td style=\"vertical-align: middle;\">Personnel pr\u00e9sent 24\/24h<\/td>\n<td width=\"60\"><\/td>\n<td style=\"vertical-align: middle;\"><\/td>\n<\/tr>\n<tr style=\"height: 24px;\">\n<td style=\"height: 24px;\" width=\"60\"><img decoding=\"async\" loading=\"lazy\" class=\"alignnone wp-image-343 size-full\" src=\"https:\/\/mamp.parkings-semepa.fr\/wp-content\/uploads\/2015\/11\/personnel.jpg\" alt=\"\" width=\"50\" height=\"50\" \/><\/td>\n<td style=\"height: 24px; vertical-align: middle;\">Personnel pr\u00e9sent 24\/24h<\/td>\n<td style=\"height: 24px;\" width=\"60\"><\/td>\n<td style=\"height: 24px; vertical-align: middle;\"><\/td>\n<\/tr>\n<tr style=\"height: 24px;\">\n<td style=\"height: 24px;\" width=\"60\"><img decoding=\"async\" loading=\"lazy\" class=\"alignnone wp-image-345 size-full\" src=\"https:\/\/mamp.parkings-semepa.fr\/wp-content\/uploads\/2015\/11\/guidage.jpg\" alt=\"\" width=\"50\" height=\"50\" \/><\/td>\n<td style=\"height: 24px; vertical-align: middle;\">Guidage \u00e0 la place<\/td>\n<td style=\"height: 24px;\" width=\"60\"><\/td>\n<td style=\"height: 24px; vertical-align: middle;\"><\/td>\n<\/tr>\n<tr style=\"height: 24.04px;\">\n<td style=\"height: 24.04px;\" width=\"60\"><img decoding=\"async\" loading=\"lazy\" class=\"alignnone wp-image-347 size-full\" src=\"https:\/\/mamp.parkings-semepa.fr\/wp-content\/uploads\/2015\/11\/voitureElectrique.jpg\" alt=\"\" width=\"50\" height=\"50\" \/><\/td>\n<td style=\"height: 24.04px; vertical-align: middle;\">Recharge v\u00e9hicules \u00e9lectrique<\/td>\n<td style=\"height: 24.04px;\" width=\"60\"><\/td>\n<td style=\"height: 24.04px; vertical-align: middle;\"><\/td>\n<\/tr>\n<tr style=\"height: 24px;\">\n<td style=\"height: 24px;\" width=\"60\"><img decoding=\"async\" loading=\"lazy\" class=\"alignnone wp-image-349 size-full\" src=\"https:\/\/mamp.parkings-semepa.fr\/wp-content\/uploads\/2015\/11\/handicap.jpg\" alt=\"\" width=\"50\" height=\"50\" \/><\/td>\n<td style=\"height: 24px; vertical-align: middle;\">Acc\u00e8s aux personnes \u00e0 mobilit\u00e9 r\u00e9duites<\/td>\n<td style=\"height: 24px;\" width=\"60\"><\/td>\n<td style=\"height: 24px; vertical-align: middle;\"><\/td>\n<\/tr>\n<tr style=\"height: 24px;\">\n<td style=\"height: 24px;\" width=\"60\"><a href=\"https:\/\/mamp.parkings-semepa.fr\/wp-content\/uploads\/2017\/01\/LPR.jpg\"><img decoding=\"async\" loading=\"lazy\" class=\"alignnone size-full wp-image-520\" src=\"https:\/\/mamp.parkings-semepa.fr\/wp-content\/uploads\/2017\/01\/LPR.jpg\" alt=\"\" width=\"50\" height=\"50\" \/><\/a><\/td>\n<td style=\"height: 24px; vertical-align: middle;\">Lecture de plaque<\/td>\n<td style=\"height: 24px;\" width=\"60\"><\/td>\n<\/tr>\n<\/tbody>\n<\/table>\n","protected":false},"excerpt":{"rendered":"<p>Capacit\u00e9 340\u00a0places O\u00f9 se trouve-t-il ? 51 Boulevard Aristide Briand, 13100 Aix-en-Provence Latitude\u00a0: 43.5326706 | Longitude\u00a0: 5.450107500000058 Comment y acc\u00e9der ? Place Bellegarde, par les boulevards ext\u00e9rieurs. Pour qui ? Le parc Bellegarde s\u2019adresse en particulier aux \u00ab usagers horaires \u00bb en provenance des quartiers est et nord de la \u2026<\/p>\n","protected":false},"author":1,"featured_media":0,"parent":0,"menu_order":0,"comment_status":"closed","ping_status":"closed","template":"templates\/template-twocolumns-left.php","meta":[],"_links":{"self":[{"href":"https:\/\/mamp.parkings-semepa.fr\/index.php?rest_route=\/wp\/v2\/pages\/213"}],"collection":[{"href":"https:\/\/mamp.parkings-semepa.fr\/index.php?rest_route=\/wp\/v2\/pages"}],"about":[{"href":"https:\/\/mamp.parkings-semepa.fr\/index.php?rest_route=\/wp\/v2\/types\/page"}],"author":[{"embeddable":true,"href":"https:\/\/mamp.parkings-semepa.fr\/index.php?rest_route=\/wp\/v2\/users\/1"}],"replies":[{"embeddable":true,"href":"https:\/\/mamp.parkings-semepa.fr\/index.php?rest_route=%2Fwp%2Fv2%2Fcomments&post=213"}],"version-history":[{"count":16,"href":"https:\/\/mamp.parkings-semepa.fr\/index.php?rest_route=\/wp\/v2\/pages\/213\/revisions"}],"predecessor-version":[{"id":2714,"href":"https:\/\/mamp.parkings-semepa.fr\/index.php?rest_route=\/wp\/v2\/pages\/213\/revisions\/2714"}],"wp:attachment":[{"href":"https:\/\/mamp.parkings-semepa.fr\/index.php?rest_route=%2Fwp%2Fv2%2Fmedia&parent=213"}],"curies":[{"name":"wp","href":"https:\/\/api.w.org\/{rel}","templated":true}]}}