{"id":2464,"date":"2021-11-15T16:16:56","date_gmt":"2021-11-15T15:16:56","guid":{"rendered":"https:\/\/mamp.parkings-semepa.fr\/?page_id=2464"},"modified":"2022-03-31T14:19:24","modified_gmt":"2022-03-31T13:19:24","slug":"demande-abonnement","status":"publish","type":"page","link":"https:\/\/mamp.parkings-semepa.fr\/?page_id=2464","title":{"rendered":"Demande d&rsquo;abonnement"},"content":{"rendered":"\n<p><strong>Votre demande doit \u00eatre enregistr\u00e9e pour 1 seul parking et devra \u00eatre renouvel\u00e9e chaque ann\u00e9e avant le 15 janvier.<\/strong><\/p>\n\n<div class=\"wpcf7 no-js\" id=\"wpcf7-f2460-o1\" lang=\"fr-FR\" dir=\"ltr\">\n<div class=\"screen-reader-response\"><p role=\"status\" aria-live=\"polite\" aria-atomic=\"true\"><\/p> <ul><\/ul><\/div>\n<form action=\"\/index.php?rest_route=%2Fwp%2Fv2%2Fpages%2F2464#wpcf7-f2460-o1\" method=\"post\" class=\"wpcf7-form init\" aria-label=\"Formulaire de contact\" novalidate=\"novalidate\" data-status=\"init\">\n<div style=\"display: none;\">\n<input type=\"hidden\" name=\"_wpcf7\" value=\"2460\" \/>\n<input type=\"hidden\" name=\"_wpcf7_version\" value=\"5.8\" \/>\n<input type=\"hidden\" name=\"_wpcf7_locale\" value=\"fr_FR\" \/>\n<input type=\"hidden\" name=\"_wpcf7_unit_tag\" value=\"wpcf7-f2460-o1\" \/>\n<input type=\"hidden\" name=\"_wpcf7_container_post\" value=\"0\" \/>\n<input type=\"hidden\" name=\"_wpcf7_posted_data_hash\" value=\"\" \/>\n<\/div>\n<p><label> Nom*<br \/>\n<span class=\"wpcf7-form-control-wrap\" data-name=\"nom\"><input size=\"40\" class=\"wpcf7-form-control wpcf7-text wpcf7-validates-as-required\" aria-required=\"true\" aria-invalid=\"false\" value=\"\" type=\"text\" name=\"nom\" \/><\/span> <\/label>\n<\/p>\n<p><label> Pr\u00e9nom*<br \/>\n<span class=\"wpcf7-form-control-wrap\" data-name=\"prenom\"><input size=\"40\" class=\"wpcf7-form-control wpcf7-text wpcf7-validates-as-required\" aria-required=\"true\" aria-invalid=\"false\" value=\"\" type=\"text\" name=\"prenom\" \/><\/span> <\/label>\n<\/p>\n<p><label> T\u00e9l\u00e9phone*<br \/>\n<span class=\"wpcf7-form-control-wrap\" data-name=\"tel\"><input size=\"40\" class=\"wpcf7-form-control wpcf7-tel wpcf7-validates-as-required wpcf7-text wpcf7-validates-as-tel\" aria-required=\"true\" aria-invalid=\"false\" value=\"\" type=\"tel\" name=\"tel\" \/><\/span> <\/label>\n<\/p>\n<p><label> Email*<br \/>\n<span class=\"wpcf7-form-control-wrap\" data-name=\"email\"><input size=\"40\" class=\"wpcf7-form-control wpcf7-email wpcf7-validates-as-required wpcf7-text wpcf7-validates-as-email\" aria-required=\"true\" aria-invalid=\"false\" value=\"\" type=\"email\" name=\"email\" \/><\/span> <\/label>\n<\/p>\n<p><label> Type de vehicule*<br \/>\n<span class=\"wpcf7-form-control-wrap\" data-name=\"menu-vehicule\"><select class=\"wpcf7-form-control wpcf7-select wpcf7-validates-as-required\" aria-required=\"true\" aria-invalid=\"false\" name=\"menu-vehicule\"><option value=\"moto\">moto<\/option><option value=\"voiture\">voiture<\/option><\/select><\/span><br \/>\n<label> Parking souhait\u00e9*<br \/>\n<span class=\"wpcf7-form-control-wrap\" data-name=\"menu-parking\"><span class=\"wpcf7-form-control wpcf7-radio\"><span class=\"wpcf7-list-item first\"><label><input type=\"radio\" name=\"menu-parking\" value=\"Bellegarde\" checked=\"checked\" \/><span class=\"wpcf7-list-item-label\">Bellegarde<\/span><\/label><\/span><span class=\"wpcf7-list-item\"><label><input type=\"radio\" name=\"menu-parking\" value=\"Cardeurs\" \/><span class=\"wpcf7-list-item-label\">Cardeurs<\/span><\/label><\/span><span class=\"wpcf7-list-item\"><label><input type=\"radio\" name=\"menu-parking\" value=\"Carnot\" \/><span class=\"wpcf7-list-item-label\">Carnot<\/span><\/label><\/span><span class=\"wpcf7-list-item\"><label><input type=\"radio\" name=\"menu-parking\" value=\"M\u00e9janes\" \/><span class=\"wpcf7-list-item-label\">M\u00e9janes<\/span><\/label><\/span><span class=\"wpcf7-list-item\"><label><input type=\"radio\" name=\"menu-parking\" value=\"Mignet\" \/><span class=\"wpcf7-list-item-label\">Mignet<\/span><\/label><\/span><span class=\"wpcf7-list-item\"><label><input type=\"radio\" name=\"menu-parking\" value=\"Pasteur\" \/><span class=\"wpcf7-list-item-label\">Pasteur<\/span><\/label><\/span><span class=\"wpcf7-list-item\"><label><input type=\"radio\" name=\"menu-parking\" value=\"Signoret\" \/><span class=\"wpcf7-list-item-label\">Signoret<\/span><\/label><\/span><span class=\"wpcf7-list-item\"><label><input type=\"radio\" name=\"menu-parking\" value=\"Les Carmes\" \/><span class=\"wpcf7-list-item-label\">Les Carmes<\/span><\/label><\/span><span class=\"wpcf7-list-item\"><label><input type=\"radio\" name=\"menu-parking\" value=\"Arnavaux\" \/><span class=\"wpcf7-list-item-label\">Arnavaux<\/span><\/label><\/span><span class=\"wpcf7-list-item last\"><label><input type=\"radio\" name=\"menu-parking\" value=\"Victor Hugo\" \/><span class=\"wpcf7-list-item-label\">Victor Hugo<\/span><\/label><\/span><\/span><\/span><br \/>\nEcrire les caract\u00e8res: <input type=\"hidden\" name=\"_wpcf7_captcha_challenge_captcha-170\" value=\"1903901784\" \/><img class=\"wpcf7-form-control wpcf7-captchac wpcf7-captcha-captcha-170\" width=\"72\" height=\"24\" alt=\"captcha\" src=\"https:\/\/mamp.parkings-semepa.fr\/wp-content\/uploads\/wpcf7_captcha\/1903901784.png\" \/><br \/>\n<span class=\"wpcf7-form-control-wrap\" data-name=\"captcha-170\"><input size=\"4\" maxlength=\"4\" class=\"wpcf7-form-control wpcf7-captchar\" autocomplete=\"off\" aria-invalid=\"false\" value=\"\" type=\"text\" name=\"captcha-170\" \/><\/span><br \/>\n<input class=\"wpcf7-form-control wpcf7-submit has-spinner\" type=\"submit\" value=\"Envoyer\" \/><\/label><\/label>\n<\/p><div class=\"wpcf7-response-output\" aria-hidden=\"true\"><\/div>\n<\/form>\n<\/div>\n\n","protected":false},"excerpt":{"rendered":"<p>Votre demande doit \u00eatre enregistr\u00e9e pour 1 seul parking et devra \u00eatre renouvel\u00e9e chaque ann\u00e9e avant le 15 janvier.<\/p>\n","protected":false},"author":1,"featured_media":0,"parent":0,"menu_order":0,"comment_status":"closed","ping_status":"closed","template":"","meta":[],"_links":{"self":[{"href":"https:\/\/mamp.parkings-semepa.fr\/index.php?rest_route=\/wp\/v2\/pages\/2464"}],"collection":[{"href":"https:\/\/mamp.parkings-semepa.fr\/index.php?rest_route=\/wp\/v2\/pages"}],"about":[{"href":"https:\/\/mamp.parkings-semepa.fr\/index.php?rest_route=\/wp\/v2\/types\/page"}],"author":[{"embeddable":true,"href":"https:\/\/mamp.parkings-semepa.fr\/index.php?rest_route=\/wp\/v2\/users\/1"}],"replies":[{"embeddable":true,"href":"https:\/\/mamp.parkings-semepa.fr\/index.php?rest_route=%2Fwp%2Fv2%2Fcomments&post=2464"}],"version-history":[{"count":5,"href":"https:\/\/mamp.parkings-semepa.fr\/index.php?rest_route=\/wp\/v2\/pages\/2464\/revisions"}],"predecessor-version":[{"id":2477,"href":"https:\/\/mamp.parkings-semepa.fr\/index.php?rest_route=\/wp\/v2\/pages\/2464\/revisions\/2477"}],"wp:attachment":[{"href":"https:\/\/mamp.parkings-semepa.fr\/index.php?rest_route=%2Fwp%2Fv2%2Fmedia&parent=2464"}],"curies":[{"name":"wp","href":"https:\/\/api.w.org\/{rel}","templated":true}]}}